{"id":119,"date":"2023-11-03T01:00:41","date_gmt":"2023-11-03T01:00:41","guid":{"rendered":"https:\/\/tessie.space\/?page_id=119"},"modified":"2024-12-13T13:35:06","modified_gmt":"2024-12-13T13:35:06","slug":"policies","status":"publish","type":"page","link":"https:\/\/tessie.space\/en\/policies\/","title":{"rendered":"Reservation and Cancellation Policies"},"content":{"rendered":"<p>[et_pb_section fb_built=&#8221;1&#8243; admin_label=&#8221;Header&#8221; _builder_version=&#8221;4.23.1&#8243; _module_preset=&#8221;default&#8221; background_color=&#8221;gcid-09a99b29-690b-45ed-bfe9-35fb5be69c2b&#8221; background_enable_image=&#8221;off&#8221; background_size=&#8221;initial&#8221; overflow-x=&#8221;hidden&#8221; overflow-y=&#8221;hidden&#8221; custom_padding=&#8221;5vw||||false|false&#8221; background_last_edited=&#8221;off|tablet&#8221; background_enable_image_phone=&#8221;off&#8221; background_size_tablet=&#8221;contain&#8221; background_size_phone=&#8221;initial&#8221; locked=&#8221;off&#8221; global_colors_info=&#8221;{%22gcid-09a99b29-690b-45ed-bfe9-35fb5be69c2b%22:%91%22background_color%22%93}&#8221;][et_pb_row column_structure=&#8221;2_5,3_5&#8243; _builder_version=&#8221;4.23.1&#8243; _module_preset=&#8221;default&#8221; width=&#8221;73%&#8221; max_width=&#8221;1553px&#8221; animation_style=&#8221;fade&#8221; global_colors_info=&#8221;{}&#8221;][et_pb_column type=&#8221;2_5&#8243; _builder_version=&#8221;4.16&#8243; _module_preset=&#8221;default&#8221; global_colors_info=&#8221;{}&#8221;][et_pb_text _builder_version=&#8221;4.23.1&#8243; text_font=&#8221;|800|||||||&#8221; text_font_size=&#8221;20px&#8221; text_letter_spacing=&#8221;4px&#8221; header_font=&#8221;|800|||||||&#8221; header_text_align=&#8221;left&#8221; header_text_color=&#8221;#ffffff&#8221; header_font_size=&#8221;70px&#8221; header_line_height=&#8221;1.3em&#8221; header_2_font=&#8221;Karla|700||on|||||&#8221; header_2_text_color=&#8221;#94624f&#8221; header_2_font_size=&#8221;12px&#8221; header_2_letter_spacing=&#8221;4px&#8221; header_2_line_height=&#8221;1.8em&#8221; custom_margin=&#8221;||10px||false|false&#8221; header_text_align_tablet=&#8221;center&#8221; header_text_align_phone=&#8221;center&#8221; header_text_align_last_edited=&#8221;on|phone&#8221; header_font_size_tablet=&#8221;44px&#8221; header_font_size_phone=&#8221;27px&#8221; header_font_size_last_edited=&#8221;on|phone&#8221; locked=&#8221;off&#8221; global_colors_info=&#8221;{}&#8221;]<\/p>\n<h1>Pol\u00edtica de Reserva &amp; Cancelaci\u00f3n<\/h1>\n<p>[\/et_pb_text][\/et_pb_column][et_pb_column type=&#8221;3_5&#8243; _builder_version=&#8221;4.16&#8243; _module_preset=&#8221;default&#8221; global_colors_info=&#8221;{}&#8221;][et_pb_image src=&#8221;https:\/\/tessie.space\/wp-content\/uploads\/2023\/11\/Subpage-3-Services-Policies-Top.png&#8221; title_text=&#8221;Subpage 3 Services (Policies) &#8211; Top&#8221; _builder_version=&#8221;4.23.1&#8243; _module_preset=&#8221;default&#8221; custom_margin=&#8221;-50px||||false|false&#8221; custom_margin_tablet=&#8221;0px||||false|false&#8221; custom_margin_phone=&#8221;&#8221; custom_margin_last_edited=&#8221;on|phone&#8221; global_colors_info=&#8221;{}&#8221;][\/et_pb_image][\/et_pb_column][\/et_pb_row][et_pb_row column_structure=&#8221;1_4,3_4&#8243; _builder_version=&#8221;4.23.1&#8243; _module_preset=&#8221;default&#8221; animation_style=&#8221;fade&#8221; global_colors_info=&#8221;{}&#8221;][et_pb_column type=&#8221;1_4&#8243; _builder_version=&#8221;4.23.1&#8243; _module_preset=&#8221;default&#8221; global_colors_info=&#8221;{}&#8221;][et_pb_heading title=&#8221;Reserva&#8221; _builder_version=&#8221;4.23.1&#8243; _module_preset=&#8221;default&#8221; title_font=&#8221;|600|||||||&#8221; title_text_color=&#8221;#FFFFFF&#8221; global_colors_info=&#8221;{}&#8221;][\/et_pb_heading][\/et_pb_column][et_pb_column type=&#8221;3_4&#8243; _builder_version=&#8221;4.23.1&#8243; _module_preset=&#8221;default&#8221; global_colors_info=&#8221;{}&#8221;][et_pb_text _builder_version=&#8221;4.23.1&#8243; _module_preset=&#8221;default&#8221; text_font_size=&#8221;18px&#8221; global_colors_info=&#8221;{}&#8221;]<\/p>\n<p><span style=\"color: #ffffff;\">Pasos a seguir:<\/span><span style=\"font-size: 17px; color: #ffffff;\"><\/span><\/p>\n<p><span style=\"color: #ffffff;\"><\/span><\/p>\n<p><span style=\"color: #ffffff;\"><span class=\"OYPEnA text-decoration-none text-strikethrough-none\">1. <\/span><span class=\"OYPEnA text-decoration-none text-strikethrough-none\">Ponerse en contacto conmigo <\/span><span style=\"color: #ffc8fd;\"><strong><a href=\"https:\/\/wa.me\/351910530856\" target=\"_blank\" draggable=\"false\" rel=\"noopener\" class=\"OYPEnA text-decoration-underline text-strikethrough-none\" style=\"color: #ffc8fd;\">(WhatsApp Link)<\/a><\/strong><span class=\"OYPEnA text-decoration-none text-strikethrough-none\"> <\/span><\/span><span class=\"OYPEnA text-decoration-none text-strikethrough-none\">para seleccionar y validar el tipo de consulta.<\/span><span class=\"OYPEnA text-decoration-none text-strikethrough-none white-space-prewrap\"> <\/span><\/span><\/p>\n<p><span style=\"color: #ffffff;\"><span class=\"OYPEnA text-decoration-none text-strikethrough-none\">2. Tras la validaci\u00f3n de la sesi\u00f3n, <\/span><span class=\"OYPEnA text-decoration-none text-strikethrough-none\">se env\u00edan datos para el pago del dep\u00f3sito (50% del total de la consulta &#8211; no reembolsable en caso de ausencia sin aviso a la sesi\u00f3n).<\/span><span class=\"OYPEnA text-decoration-none text-strikethrough-none white-space-prewrap\"> <\/span><\/span><\/p>\n<p><span style=\"color: #ffffff;\"><span class=\"OYPEnA text-decoration-none text-strikethrough-none\">3. Una vez que reciba el comprobante de pago del dep\u00f3sito, <\/span><span class=\"OYPEnA text-decoration-none text-strikethrough-none\">el consultante puede seleccionar la fecha y horario que le sea conveniente a trav\u00e9s de <strong>Calendly<\/strong><\/span><span class=\"OYPEnA text-decoration-none text-strikethrough-none\"> (ser\u00e1 enviado luego). Es, en ese momento, que la reserva de la sesi\u00f3n queda efectivamente confirmada y se deben <\/span><span class=\"OYPEnA text-decoration-none text-strikethrough-none\">enviar los siguientes datos:<\/span><\/span><\/p>\n<p style=\"padding-left: 40px;\"><span style=\"color: #ffffff;\">&#8211; Nombre completo legal al momento de la consulta.<\/span><span style=\"color: #ffffff;\"><\/span><\/p>\n<p style=\"padding-left: 40px;\"><span style=\"color: #ffffff;\">&#8211; Fecha de Nacimiento (junto con lugar y hora de nacimiento).\u00a0<\/span><\/p>\n<p style=\"padding-left: 40px;\"><span style=\"color: #ffffff;\">&#8211; Email<\/span><\/p>\n<p>[\/et_pb_text][\/et_pb_column][\/et_pb_row][et_pb_row column_structure=&#8221;1_4,3_4&#8243; _builder_version=&#8221;4.23.1&#8243; _module_preset=&#8221;default&#8221; animation_style=&#8221;fade&#8221; global_colors_info=&#8221;{}&#8221;][et_pb_column type=&#8221;1_4&#8243; _builder_version=&#8221;4.23.1&#8243; _module_preset=&#8221;default&#8221; global_colors_info=&#8221;{}&#8221;][et_pb_heading title=&#8221;Pago&#8221; _builder_version=&#8221;4.23.1&#8243; _module_preset=&#8221;default&#8221; title_font=&#8221;|600|||||||&#8221; title_text_color=&#8221;#FFFFFF&#8221; global_colors_info=&#8221;{}&#8221;][\/et_pb_heading][\/et_pb_column][et_pb_column type=&#8221;3_4&#8243; _builder_version=&#8221;4.23.1&#8243; _module_preset=&#8221;default&#8221; global_colors_info=&#8221;{}&#8221;][et_pb_text _builder_version=&#8221;4.23.1&#8243; _module_preset=&#8221;default&#8221; text_text_color=&#8221;#FFFFFF&#8221; text_font_size=&#8221;18px&#8221; global_colors_info=&#8221;{}&#8221;]<\/p>\n<p class=\"cvGsUA direction-ltr align-start para-style-body\"><span class=\"OYPEnA text-decoration-none text-strikethrough-none\">50% del costo de la sesi\u00f3n al momento de hacer la reserva + <\/span><span class=\"OYPEnA text-decoration-none text-strikethrough-none\" style=\"font-size: 18px;\">50% restante del pago al momento de la consulta.<\/span><\/p>\n<p class=\"cvGsUA direction-ltr align-start para-style-body\"><span class=\"OYPEnA text-decoration-none text-strikethrough-none\">Formas de pago:<\/span><span class=\"OYPEnA text-decoration-none text-strikethrough-none white-space-prewrap\"> <\/span><\/p>\n<ul>\n<li><span class=\"OYPEnA text-decoration-none text-strikethrough-none\">Para Argentina, via <\/span><strong><span class=\"OYPEnA text-decoration-none text-strikethrough-none\">transferencia<\/span><\/strong><span class=\"OYPEnA text-decoration-none text-strikethrough-none\"><strong> bancaria<\/strong> o v\u00eda <\/span><span class=\"OYPEnA text-decoration-none text-strikethrough-none\"><strong>Mercado Pago<\/strong>.<\/span><\/li>\n<li><span class=\"OYPEnA text-decoration-none text-strikethrough-none\" style=\"font-size: 18px;\">Para resto del mundo, <\/span><strong><span class=\"OYPEnA text-decoration-none text-strikethrough-none\" style=\"font-size: 18px;\">transferencia<\/span><\/strong><span class=\"OYPEnA text-decoration-none text-strikethrough-none\" style=\"font-size: 18px;\"><strong> bancaria<\/strong> (cuenta SEPA), <\/span><span class=\"OYPEnA text-decoration-none text-strikethrough-none\" style=\"font-size: 18px;\">WISE<\/span><span class=\"OYPEnA text-decoration-none text-strikethrough-none\" style=\"font-size: 18px;\"> o <\/span><span class=\"OYPEnA text-decoration-none text-strikethrough-none\" style=\"font-size: 18px;\">Paypal<\/span><span class=\"OYPEnA text-decoration-none text-strikethrough-none\" style=\"font-size: 18px;\">.<\/span><\/li>\n<\/ul>\n<p class=\"cvGsUA direction-ltr align-start para-style-body\"><span class=\"OYPEnA text-decoration-none text-strikethrough-none\">Todos los datos pertinentes para la forma de pago seleccionada ser\u00e1n enviados tras la solicitud de consulta <\/span><strong><a href=\"https:\/\/wa.me\/351910530856\" target=\"_blank\" draggable=\"false\" rel=\"noopener\" class=\"OYPEnA text-decoration-underline text-strikethrough-none\">(WhatsApp Link)<\/a><span class=\"OYPEnA text-decoration-none text-strikethrough-none\">.<\/span><\/strong><\/p>\n<p>[\/et_pb_text][\/et_pb_column][\/et_pb_row][et_pb_row column_structure=&#8221;1_4,3_4&#8243; _builder_version=&#8221;4.23.1&#8243; _module_preset=&#8221;default&#8221; animation_style=&#8221;fade&#8221; global_colors_info=&#8221;{}&#8221;][et_pb_column type=&#8221;1_4&#8243; _builder_version=&#8221;4.23.1&#8243; _module_preset=&#8221;default&#8221; global_colors_info=&#8221;{}&#8221;][et_pb_heading title=&#8221;Cancelaci\u00f3n&#8221; _builder_version=&#8221;4.23.1&#8243; _module_preset=&#8221;default&#8221; title_font=&#8221;|600|||||||&#8221; title_text_color=&#8221;#FFFFFF&#8221; global_colors_info=&#8221;{}&#8221;][\/et_pb_heading][\/et_pb_column][et_pb_column type=&#8221;3_4&#8243; _builder_version=&#8221;4.23.1&#8243; _module_preset=&#8221;default&#8221; global_colors_info=&#8221;{}&#8221;][et_pb_text content_tablet=&#8221;<\/p>\n<p><span style=%22color: #ffffff;%22><span class=%22OYPEnA text-decoration-none text-strikethrough-none%22>1. En caso de necesitar <strong>cancelar<\/strong>, se deber\u00e1 hacer con un <strong>m\u00ednimo de 48hs de anticipaci\u00f3n.<\/strong> De esta forma, se podr\u00e1 <\/span><span class=%22OYPEnA text-decoration-none text-strikethrough-none%22>re-programar la consulta con un plazo de 3 meses.<\/span><span class=%22OYPEnA text-decoration-none text-strikethrough-none white-space-prewrap%22> <\/span><\/span><\/p>\n<p><span style=%22color: #ffffff;%22><span class=%22OYPEnA text-decoration-none text-strikethrough-none%22>2. En principio, cualquier cancelaci\u00f3n realizada con menos de 48 horas de antelaci\u00f3n no tendr\u00e1 el beneficio de ser re-programada y el <\/span><span class=%22OYPEnA text-decoration-none text-strikethrough-none%22>monto de dep\u00f3sito no es reembolsable.<\/span><\/span><\/p>\n<p><span style=%22color: #ffffff;%22><span class=%22OYPEnA text-decoration-none text-strikethrough-none%22>3. Se tendr\u00e1 <strong>una<\/strong><\/span><strong><span class=%22OYPEnA text-decoration-none text-strikethrough-none%22> tolerancia de 20 minutos<\/span><\/strong><span class=%22OYPEnA text-decoration-none text-strikethrough-none%22> aunque no se extender\u00e1 el tiempo m\u00e1ximo de la sesi\u00f3n ya establecido. Si en ese tiempo la persona no se presentase, la sesi\u00f3n se dar\u00e1 por tomada. No se har\u00e1n reembolsos del dep\u00f3sito hecho.<\/span><span class=%22OYPEnA text-decoration-none text-strikethrough-none white-space-prewrap%22> <\/span><\/span><\/p>\n<p><span class=%22OYPEnA text-decoration-none text-strikethrough-none%22 style=%22color: #ffffff;%22>4. En casos excepcionales, ya sea en que la energ\u00eda f\u00edsica, ps\u00edquica o emocional no este disponible por parte de la facilitadora, la sesi\u00f3n puede re-programarse o cancelarse. En estos casos, si no se quisiera re-programar la sesi\u00f3n por parte del consultante, se devolver\u00e1 el 50% del deposito realizado. Los plazos de reembolso var\u00edan dependiendo del medio de pago.<\/span><\/p>\n<p><span style=%22color: #ffffff;%22><span class=%22OYPEnA text-decoration-none text-strikethrough-none%22>5. La re-programaci\u00f3n est\u00e1 sujeta a disponibilidad de fechas y horarios.<\/span><span class=%22OYPEnA text-decoration-none text-strikethrough-none white-space-prewrap%22> <\/span><\/span><\/p>\n<p class=%22cvGsUA direction-ltr align-start para-style-body%22><strong><span class=%22OYPEnA text-decoration-underline text-strikethrough-none%22 style=%22color: #ffffff;%22>Al agendar una sesi\u00f3n, acordas con esta modalidad de trabajo.<\/span><\/strong><\/p>\n<p>&#8221; content_phone=&#8221;<\/p>\n<p><span style=%22color: #ffffff;%22><span class=%22OYPEnA text-decoration-none text-strikethrough-none%22>1. En caso de necesitar <strong>cancelar<\/strong>, se deber\u00e1 hacer con un <strong>m\u00ednimo de 48hs de anticipaci\u00f3n.<\/strong> De esta forma, se podr\u00e1 <\/span><span class=%22OYPEnA text-decoration-none text-strikethrough-none%22>re-programar la consulta con un plazo de 3 meses.<\/span><span class=%22OYPEnA text-decoration-none text-strikethrough-none white-space-prewrap%22> <\/span><\/span><\/p>\n<p><span style=%22color: #ffffff;%22><span class=%22OYPEnA text-decoration-none text-strikethrough-none%22>2. En principio, cualquier cancelaci\u00f3n realizada con menos de 48 horas de antelaci\u00f3n no tendr\u00e1 el beneficio de ser re-programada y el <\/span><span class=%22OYPEnA text-decoration-none text-strikethrough-none%22>monto de dep\u00f3sito no es reembolsable.<\/span><\/span><\/p>\n<p><span style=%22color: #ffffff;%22><span class=%22OYPEnA text-decoration-none text-strikethrough-none%22>3. Se tendr\u00e1 <strong>una<\/strong><\/span><strong><span class=%22OYPEnA text-decoration-none text-strikethrough-none%22> tolerancia de 20 minutos<\/span><\/strong><span class=%22OYPEnA text-decoration-none text-strikethrough-none%22> aunque no se extender\u00e1 el tiempo m\u00e1ximo de la sesi\u00f3n ya establecido. Si en ese tiempo la persona no se presentase, la sesi\u00f3n se dar\u00e1 por tomada. No se har\u00e1n reembolsos del dep\u00f3sito hecho.<\/span><span class=%22OYPEnA text-decoration-none text-strikethrough-none white-space-prewrap%22> <\/span><\/span><\/p>\n<p><span class=%22OYPEnA text-decoration-none text-strikethrough-none%22 style=%22color: #ffffff;%22>4. En casos excepcionales, ya sea en que la energ\u00eda f\u00edsica, ps\u00edquica o emocional no este disponible por parte de la facilitadora, la sesi\u00f3n puede re-programarse o cancelarse. En estos casos, si no se quisiera re-programar la sesi\u00f3n por parte del consultante, se devolver\u00e1 el 50% del deposito realizado. Los plazos de reembolso var\u00edan dependiendo del medio de pago.<\/span><\/p>\n<p><span style=%22color: #ffffff;%22><span class=%22OYPEnA text-decoration-none text-strikethrough-none%22>5. La re-programaci\u00f3n est\u00e1 sujeta a disponibilidad de fechas y horarios.<\/span><span class=%22OYPEnA text-decoration-none text-strikethrough-none white-space-prewrap%22> <\/span><\/span><\/p>\n<p class=%22cvGsUA direction-ltr align-start para-style-body%22><strong><span class=%22OYPEnA text-decoration-underline text-strikethrough-none%22 style=%22color: #ffffff;%22>Al agendar una sesi\u00f3n, acordas con esta modalidad de trabajo.<\/span><\/strong><\/p>\n<p>&#8221; content_last_edited=&#8221;on|desktop&#8221; _builder_version=&#8221;4.23.1&#8243; _module_preset=&#8221;default&#8221; text_font_size=&#8221;18px&#8221; custom_padding=&#8221;||0px|||&#8221; global_colors_info=&#8221;{}&#8221;]<\/p>\n<p><span style=\"color: #ffffff;\"><span class=\"OYPEnA text-decoration-none text-strikethrough-none\">1. En caso de necesitar <strong>cancelar<\/strong>, se deber\u00e1 hacer con un <strong>m\u00ednimo de 48hs de anticipaci\u00f3n.<\/strong> De esta forma, se podr\u00e1 <\/span><span class=\"OYPEnA text-decoration-none text-strikethrough-none\">re-programar la consulta con un plazo de 3 meses.<\/span><span class=\"OYPEnA text-decoration-none text-strikethrough-none white-space-prewrap\"> <\/span><\/span><\/p>\n<p><span style=\"color: #ffffff;\"><span class=\"OYPEnA text-decoration-none text-strikethrough-none\">2. En principio, cualquier cancelaci\u00f3n realizada con menos de 48 horas de antelaci\u00f3n no tendr\u00e1 el beneficio de ser re-programada y el <\/span><span class=\"OYPEnA text-decoration-none text-strikethrough-none\">monto de dep\u00f3sito no es reembolsable.<\/span><\/span><\/p>\n<p><span style=\"color: #ffffff;\"><span class=\"OYPEnA text-decoration-none text-strikethrough-none\">3. Se tendr\u00e1 <strong>una<\/strong><\/span><strong><span class=\"OYPEnA text-decoration-none text-strikethrough-none\"> tolerancia de 20 minutos<\/span><\/strong><span class=\"OYPEnA text-decoration-none text-strikethrough-none\"> aunque no se extender\u00e1 el tiempo m\u00e1ximo de la sesi\u00f3n ya establecido. Si en ese tiempo la persona no se presentase, la sesi\u00f3n se dar\u00e1 por tomada. No se har\u00e1n reembolsos del dep\u00f3sito hecho.<\/span><span class=\"OYPEnA text-decoration-none text-strikethrough-none white-space-prewrap\"> <\/span><\/span><\/p>\n<p><span class=\"OYPEnA text-decoration-none text-strikethrough-none\" style=\"color: #ffffff;\">4. En casos excepcionales, ya sea en que la energ\u00eda f\u00edsica, ps\u00edquica o emocional no este disponible por parte de la facilitadora, la sesi\u00f3n puede re-programarse o cancelarse. En estos casos, si no se quisiera re-programar la sesi\u00f3n por parte del consultante, se devolver\u00e1 el 50% del deposito realizado. Los plazos de reembolso var\u00edan dependiendo del medio de pago.<\/span><\/p>\n<p><span style=\"color: #ffffff;\"><span class=\"OYPEnA text-decoration-none text-strikethrough-none\">5. La re-programaci\u00f3n est\u00e1 sujeta a disponibilidad de fechas y horarios.<\/span><span class=\"OYPEnA text-decoration-none text-strikethrough-none white-space-prewrap\"> <\/span><\/span><\/p>\n<p class=\"cvGsUA direction-ltr align-start para-style-body\"><strong><span class=\"OYPEnA text-decoration-underline text-strikethrough-none\" style=\"color: #ffffff;\">Al agendar una sesi\u00f3n, se acuerda a esta modalidad de trabajo.<\/span><\/strong><\/p>\n<p>[\/et_pb_text][\/et_pb_column][\/et_pb_row][\/et_pb_section]<\/p>\n","protected":false},"excerpt":{"rendered":"<p>Pol\u00edtica de Reserva &amp; Cancelaci\u00f3nPasos a seguir: 1. Ponerse en contacto conmigo (WhatsApp Link) para seleccionar y validar el tipo de consulta. 2. Tras la validaci\u00f3n de la sesi\u00f3n, se env\u00edan datos para el pago del dep\u00f3sito (50% del total de la consulta &#8211; no reembolsable en caso de ausencia sin aviso a la sesi\u00f3n). [&hellip;]<\/p>\n","protected":false},"author":2,"featured_media":0,"parent":0,"menu_order":0,"comment_status":"closed","ping_status":"closed","template":"","meta":{"nf_dc_page":"","_et_pb_use_builder":"on","_et_pb_old_content":"<!-- wp:divi\/placeholder \/-->","_et_gb_content_width":"","footnotes":""},"class_list":["post-119","page","type-page","status-publish","hentry"],"_links":{"self":[{"href":"https:\/\/tessie.space\/en\/wp-json\/wp\/v2\/pages\/119","targetHints":{"allow":["GET"]}}],"collection":[{"href":"https:\/\/tessie.space\/en\/wp-json\/wp\/v2\/pages"}],"about":[{"href":"https:\/\/tessie.space\/en\/wp-json\/wp\/v2\/types\/page"}],"author":[{"embeddable":true,"href":"https:\/\/tessie.space\/en\/wp-json\/wp\/v2\/users\/2"}],"replies":[{"embeddable":true,"href":"https:\/\/tessie.space\/en\/wp-json\/wp\/v2\/comments?post=119"}],"version-history":[{"count":6,"href":"https:\/\/tessie.space\/en\/wp-json\/wp\/v2\/pages\/119\/revisions"}],"predecessor-version":[{"id":507,"href":"https:\/\/tessie.space\/en\/wp-json\/wp\/v2\/pages\/119\/revisions\/507"}],"wp:attachment":[{"href":"https:\/\/tessie.space\/en\/wp-json\/wp\/v2\/media?parent=119"}],"curies":[{"name":"wp","href":"https:\/\/api.w.org\/{rel}","templated":true}]}}