{"id":117,"date":"2023-11-03T00:58:55","date_gmt":"2023-11-03T00:58:55","guid":{"rendered":"https:\/\/tessie.space\/?page_id=117"},"modified":"2026-03-20T12:58:40","modified_gmt":"2026-03-20T12:58:40","slug":"sesiones-combinadas","status":"publish","type":"page","link":"https:\/\/tessie.space\/en\/sesiones-combinadas\/","title":{"rendered":"Combined Sessions"},"content":{"rendered":"<p>[et_pb_section fb_built=&#8221;1&#8243; admin_label=&#8221;Header&#8221; _builder_version=&#8221;4.23.1&#8243; _module_preset=&#8221;default&#8221; background_color=&#8221;gcid-09a99b29-690b-45ed-bfe9-35fb5be69c2b&#8221; background_enable_image=&#8221;off&#8221; background_size=&#8221;initial&#8221; min_height=&#8221;455px&#8221; overflow-x=&#8221;hidden&#8221; overflow-y=&#8221;hidden&#8221; custom_margin=&#8221;||-40px|||&#8221; custom_padding=&#8221;0vw||17px||false|false&#8221; background_last_edited=&#8221;off|tablet&#8221; background_enable_image_phone=&#8221;off&#8221; background_size_tablet=&#8221;contain&#8221; background_size_phone=&#8221;initial&#8221; locked=&#8221;off&#8221; global_colors_info=&#8221;{%22gcid-09a99b29-690b-45ed-bfe9-35fb5be69c2b%22:%91%22background_color%22%93}&#8221;][et_pb_row column_structure=&#8221;2_5,3_5&#8243; _builder_version=&#8221;4.23.1&#8243; _module_preset=&#8221;default&#8221; animation_style=&#8221;fade&#8221; global_colors_info=&#8221;{}&#8221;][et_pb_column type=&#8221;2_5&#8243; _builder_version=&#8221;4.16&#8243; _module_preset=&#8221;default&#8221; global_colors_info=&#8221;{}&#8221;][et_pb_text _builder_version=&#8221;4.23.1&#8243; header_font=&#8221;||||||||&#8221; header_text_align=&#8221;left&#8221; header_text_color=&#8221;#ffffff&#8221; header_font_size=&#8221;64px&#8221; header_line_height=&#8221;1.3em&#8221; header_2_font=&#8221;|700||on|||||&#8221; header_2_text_color=&#8221;gcid-c32c6932-9c6a-4167-a158-2201d985275f&#8221; header_2_font_size=&#8221;12px&#8221; header_2_letter_spacing=&#8221;4px&#8221; header_2_line_height=&#8221;1.8em&#8221; custom_margin=&#8221;||10px||false|false&#8221; header_text_align_tablet=&#8221;center&#8221; header_text_align_phone=&#8221;center&#8221; header_text_align_last_edited=&#8221;on|tablet&#8221; header_font_size_tablet=&#8221;44px&#8221; header_font_size_phone=&#8221;24px&#8221; header_font_size_last_edited=&#8221;on|phone&#8221; header_2_text_align_tablet=&#8221;center&#8221; header_2_text_align_phone=&#8221;center&#8221; header_2_text_align_last_edited=&#8221;on|tablet&#8221; locked=&#8221;off&#8221; global_colors_info=&#8221;{%22gcid-c32c6932-9c6a-4167-a158-2201d985275f%22:%91%22header_2_text_color%22%93}&#8221;]<\/p>\n<h2>Sesiones esot\u00e9ricas<\/h2>\n<h1>Sesiones Combinadas<\/h1>\n<p>[\/et_pb_text][\/et_pb_column][et_pb_column type=&#8221;3_5&#8243; _builder_version=&#8221;4.16&#8243; _module_preset=&#8221;default&#8221; global_colors_info=&#8221;{}&#8221;][et_pb_image src=&#8221;https:\/\/tessie.space\/wp-content\/uploads\/2023\/11\/Subpage-2-Services-Top-blueish.png&#8221; title_text=&#8221;Subpage 2 Services &#8211; Top (blueish)&#8221; align=&#8221;right&#8221; _builder_version=&#8221;4.23.1&#8243; _module_preset=&#8221;default&#8221; width=&#8221;80%&#8221; width_tablet=&#8221;44%&#8221; width_phone=&#8221;67%&#8221; width_last_edited=&#8221;on|phone&#8221; module_alignment=&#8221;center&#8221; custom_margin=&#8221;||||false|false&#8221; custom_margin_tablet=&#8221;||||false|false&#8221; custom_margin_phone=&#8221;||||false|false&#8221; custom_margin_last_edited=&#8221;on|tablet&#8221; global_colors_info=&#8221;{}&#8221;][\/et_pb_image][\/et_pb_column][\/et_pb_row][\/et_pb_section][et_pb_section fb_built=&#8221;1&#8243; admin_label=&#8221;Services&#8221; _builder_version=&#8221;4.23.1&#8243; background_color=&#8221;gcid-d01306fe-a206-4535-8cd1-16c422289754&#8243; overflow-x=&#8221;hidden&#8221; custom_margin=&#8221;-144px|||||&#8221; custom_padding=&#8221;83px||83px||true|false&#8221; locked=&#8221;off&#8221; global_colors_info=&#8221;{%22gcid-d01306fe-a206-4535-8cd1-16c422289754%22:%91%22background_color%22%93}&#8221;][et_pb_row column_structure=&#8221;2_3,1_3&#8243; make_equal=&#8221;on&#8221; _builder_version=&#8221;4.27.4&#8243; animation_style=&#8221;fade&#8221; locked=&#8221;off&#8221; global_colors_info=&#8221;{}&#8221;][et_pb_column type=&#8221;2_3&#8243; _builder_version=&#8221;4.16&#8243; background_color=&#8221;#1a1e28&#8243; use_background_color_gradient=&#8221;on&#8221; background_color_gradient_stops=&#8221;rgba(26,30,40,0.48) 0%|#1a1e28 100%&#8221; background_color_gradient_overlays_image=&#8221;on&#8221; background_color_gradient_start=&#8221;rgba(26,30,40,0.48)&#8221; background_color_gradient_end=&#8221;#1a1e28&#8243; background_image=&#8221;https:\/\/tessie.space\/wp-content\/uploads\/2023\/11\/tarot_Illustrations_05modified.png&#8221; background_size=&#8221;initial&#8221; background_position=&#8221;bottom_right&#8221; background_horizontal_offset=&#8221;-12%&#8221; background_vertical_offset=&#8221;87%&#8221; background_blend=&#8221;hue&#8221; custom_padding=&#8221;40px|40px|40px|40px|true|true&#8221; custom_padding_tablet=&#8221;|30px||30px|false|true&#8221; custom_padding_phone=&#8221;|20px||20px|true|true&#8221; custom_padding_last_edited=&#8221;on|phone&#8221; global_colors_info=&#8221;{}&#8221;][et_pb_text _builder_version=&#8221;4.27.4&#8243; header_3_font=&#8221;||||||||&#8221; header_3_text_color=&#8221;#ffffff&#8221; header_3_font_size=&#8221;24px&#8221; header_3_line_height=&#8221;2.9em&#8221; max_width=&#8221;300px&#8221; global_colors_info=&#8221;{}&#8221;]<\/p>\n<h3><\/h3>\n<p>[\/et_pb_text][et_pb_text content_tablet=&#8221;<\/p>\n<h4><span class=%22OYPEnA text-decoration-none text-strikethrough-none%22>sesi\u00f3n simple: <\/span>astrolog\u00eda<\/h4>\n<h3><strong>Carta Natal<\/strong><\/h3>\n<p>&#8221; content_phone=&#8221;<\/p>\n<h4><span class=%22OYPEnA text-decoration-none text-strikethrough-none%22>sesi\u00f3n simple: <\/span><\/h4>\n<h4>astrolog\u00eda<\/h4>\n<h3><strong>Carta Natal<\/strong><\/h3>\n<p>&#8221; content_last_edited=&#8221;on|phone&#8221; _builder_version=&#8221;4.27.4&#8243; header_3_font=&#8221;||||||||&#8221; header_3_text_color=&#8221;#ffffff&#8221; header_3_font_size=&#8221;24px&#8221; header_3_line_height=&#8221;1.4em&#8221; header_4_font=&#8221;|700||on|||||&#8221; header_4_text_color=&#8221;#ffc8fd&#8221; header_4_font_size=&#8221;12px&#8221; header_4_letter_spacing=&#8221;4px&#8221; header_4_line_height=&#8221;1.8em&#8221; max_width=&#8221;412px&#8221; custom_margin=&#8221;|-82px||||&#8221; custom_padding=&#8221;|0px||||&#8221; header_3_font_size_tablet=&#8221;&#8221; header_3_font_size_phone=&#8221;18px&#8221; header_3_font_size_last_edited=&#8221;on|phone&#8221; locked=&#8221;off&#8221; global_colors_info=&#8221;{}&#8221;]<\/p>\n<h4><span class=\"OYPEnA text-decoration-none text-strikethrough-none\">descubriendo<\/span><\/h4>\n<h3><strong>SESIONES COMBINADAS<\/strong><\/h3>\n<p>[\/et_pb_text][et_pb_text _builder_version=&#8221;4.27.4&#8243; text_font=&#8221;||||||||&#8221; text_text_color=&#8221;#c5d2d8&#8243; text_font_size=&#8221;16px&#8221; width_phone=&#8221;100%&#8221; width_last_edited=&#8221;off|desktop&#8221; max_width=&#8221;423px&#8221; text_font_size_tablet=&#8221;&#8221; text_font_size_phone=&#8221;14px&#8221; text_font_size_last_edited=&#8221;on|phone&#8221; locked=&#8221;off&#8221; global_colors_info=&#8221;{}&#8221;]<\/p>\n<p data-start=\"412\" data-end=\"893\">\u00a0<strong data-start=\"1239\" data-end=\"1296\">Un espacio de transformaci\u00f3n integrando diferentes disciplinas.\u00a0<\/strong><\/p>\n<p data-start=\"1239\" data-end=\"1734\">Las <strong>sesiones combinadas<\/strong> est\u00e1n pensadas para quienes desean ir m\u00e1s all\u00e1 de una consulta simple. Buscan conjugar diferentes lenguajes para embarcarse en un camino de transformaci\u00f3n personal y espiritual profunda.<\/p>\n<p data-start=\"1966\" data-end=\"2058\">En una \u00fanica sesi\u00f3n, utilizamos las herramientas que m\u00e1s resuenen con tus necesidades en este momento o aquellas que m\u00e1s te atraiga explorar para tus inquietudes.\u00a0<\/p>\n<p data-start=\"412\" data-end=\"893\">\n<p data-start=\"412\" data-end=\"893\">\n<p><strong>Duraci\u00f3n<\/strong>: <span class=\"OYPEnA text-decoration-none text-strikethrough-none\">90-120 minutos.\u00a0<\/span><span class=\"OYPEnA text-decoration-none text-strikethrough-none\"><\/span><\/p>\n<p><strong>Modalidad<\/strong>: Online por default. Presencial a convenir.<span class=\"OYPEnA text-decoration-none text-strikethrough-none\"><\/span><\/p>\n<p><strong>Valor ARS:<\/strong> $ 150 000<span class=\"OYPEnA text-decoration-none text-strikethrough-none\"><\/span><\/p>\n<p><strong>Valor EU\/US:<\/strong> US $ 160 \/ \u20ac 160 (<em>residentes en Portugal tienen tarifa diferencial<\/em>).<\/p>\n<p><span class=\"OYPEnA text-decoration-none text-strikethrough-none\"><\/span><\/p>\n<p>[\/et_pb_text][et_pb_button button_url=&#8221;mailto:tessie.sant@gmail.com&#8221; button_text=&#8221;\u00a1Reserva tu sesi\u00f3n!&#8221; button_alignment=&#8221;left&#8221; button_alignment_tablet=&#8221;center&#8221; button_alignment_phone=&#8221;center&#8221; button_alignment_last_edited=&#8221;on|phone&#8221; _builder_version=&#8221;4.23.1&#8243; custom_button=&#8221;on&#8221; button_text_size=&#8221;12px&#8221; button_text_color=&#8221;#cfc6ff&#8221; button_border_width=&#8221;1px&#8221; button_border_color=&#8221;#cfc6ff&#8221; button_border_radius=&#8221;0px&#8221; button_font=&#8221;|700||on|||||&#8221; custom_padding=&#8221;15px|40px|15px|40px|true|true&#8221; box_shadow_style=&#8221;preset6&#8243; box_shadow_color=&#8221;#cfc6ff&#8221; locked=&#8221;off&#8221; global_colors_info=&#8221;{}&#8221;][\/et_pb_button][\/et_pb_column][et_pb_column type=&#8221;1_3&#8243; _builder_version=&#8221;4.27.4&#8243; background_color=&#8221;rgba(238,165,255,0.92)&#8221; use_background_color_gradient=&#8221;on&#8221; background_color_gradient_direction=&#8221;360deg&#8221; background_color_gradient_stops=&#8221;rgba(221,119,249,0.8) 0pt|rgba(218,188,255,0.91) 100pt&#8221; background_color_gradient_unit=&#8221;pt&#8221; background_image=&#8221;https:\/\/tessie.space\/wp-content\/uploads\/2023\/11\/tarot_Illustrations_01.png&#8221; background_size=&#8221;custom&#8221; background_position=&#8221;bottom_left&#8221; background_horizontal_offset=&#8221;-10%&#8221; background_vertical_offset=&#8221;-100%&#8221; background_blend=&#8221;exclusion&#8221; custom_padding=&#8221;40px|40px|40px|40px|true|true&#8221; custom_padding_tablet=&#8221;|30px||30px|true|true&#8221; custom_padding_phone=&#8221;|20px||20px|false|true&#8221; custom_padding_last_edited=&#8221;on|desktop&#8221; global_colors_info=&#8221;{}&#8221;][et_pb_text _builder_version=&#8221;4.27.4&#8243; header_3_font=&#8221;||||||||&#8221; header_3_text_color=&#8221;#FFFFFF&#8221; header_3_font_size=&#8221;24px&#8221; header_3_line_height=&#8221;1.4em&#8221; header_4_font=&#8221;|700||on|||||&#8221; header_4_text_color=&#8221;#ffc8fd&#8221; header_4_font_size=&#8221;12px&#8221; header_4_letter_spacing=&#8221;4px&#8221; header_4_line_height=&#8221;1.8em&#8221; header_3_font_size_tablet=&#8221;&#8221; header_3_font_size_phone=&#8221;18px&#8221; header_3_font_size_last_edited=&#8221;on|phone&#8221; locked=&#8221;off&#8221; global_colors_info=&#8221;{}&#8221; header_2_3_font_size_phone=&#8221;18px&#8221; header_3_3_font_size_phone=&#8221;18px&#8221; header_4_3_font_size_phone=&#8221;18px&#8221; header_5_3_font_size_phone=&#8221;18px&#8221; header_6_3_font_size_phone=&#8221;18px&#8221; header_2_3_font_size_last_edited=&#8221;on|phone&#8221; header_3_3_font_size_last_edited=&#8221;on|phone&#8221; header_4_3_font_size_last_edited=&#8221;on|phone&#8221; header_5_3_font_size_last_edited=&#8221;on|phone&#8221; header_6_3_font_size_last_edited=&#8221;on|phone&#8221;]<\/p>\n<h4><span style=\"color: #ffffff;\"><strong style=\"font-size: 12px;\">sesiones COMBINADAS<\/strong><\/span><\/h4>\n<h4><span style=\"color: #032f6d;\"><strong style=\"font-size: 24px;\">disciplinas<\/strong><\/span><\/h4>\n<p>[\/et_pb_text][et_pb_text _builder_version=&#8221;4.27.4&#8243; text_font=&#8221;||||||||&#8221; text_text_color=&#8221;#c5d2d8&#8243; text_font_size=&#8221;16px&#8221; width_tablet=&#8221;&#8221; width_phone=&#8221;&#8221; width_last_edited=&#8221;on|desktop&#8221; text_font_size_tablet=&#8221;&#8221; text_font_size_phone=&#8221;14px&#8221; text_font_size_last_edited=&#8221;on|phone&#8221; locked=&#8221;off&#8221; global_colors_info=&#8221;{}&#8221; width__hover_enabled=&#8221;on|desktop&#8221;]<\/p>\n<p class=\"cvGsUA direction-ltr align-start para-style-body\"><span style=\"color: #3e3da0;\"><span style=\"color: #000000;\">Puedes <strong>escoger dos o tres<\/strong> de las siguientes disciplinas que exploraremos juntas durante la sesi\u00f3n:\u00a0<\/span><\/span><\/p>\n<p class=\"cvGsUA direction-ltr align-start para-style-body\"><span style=\"color: #0a0a0a;\">1. <strong>Astrolog\u00eda<\/strong> <\/span><\/p>\n<p class=\"cvGsUA direction-ltr align-start para-style-body\"><span style=\"color: #0a0a0a;\">2. <strong>Tarot<\/strong>, Cartomancia &amp; Lenormand<\/span><\/p>\n<p class=\"cvGsUA direction-ltr align-start para-style-body\"><span style=\"color: #0a0a0a;\">3. Lecturas de <strong>Registros Ak\u00e1shicos<\/strong><\/span><\/p>\n<p class=\"cvGsUA direction-ltr align-start para-style-body\"><span style=\"color: #0a0a0a;\">4. <strong>Constelaciones Ak\u00e1shicas<\/strong><\/span><\/p>\n<p class=\"cvGsUA direction-ltr align-start para-style-body\"><span style=\"color: #0a0a0a;\"><strong>5. Flores de Bach<\/strong><\/span><\/p>\n<p class=\"cvGsUA direction-ltr align-start para-style-body\"><span style=\"color: #0a0a0a; font-size: 16px;\">Para m\u00e1s informaci\u00f3n, lee las descripciones de cada disciplina <span style=\"text-decoration: underline;\"><strong><a href=\"https:\/\/tessie.space\/sesiones-simples\/\" style=\"color: #0a0a0a; text-decoration: underline;\">AQU\u00cd<\/a><\/strong><\/span>!<\/span><\/p>\n<p class=\"cvGsUA direction-ltr align-start para-style-body\"><span class=\"OYPEnA text-decoration-none text-strikethrough-none\"><span class=\"OYPEnA text-strikethrough-none text-decoration-none\"><\/span><\/span><\/p>\n<p>[\/et_pb_text][\/et_pb_column][\/et_pb_row][\/et_pb_section][et_pb_section fb_built=&#8221;1&#8243; admin_label=&#8221;Footer&#8221; _builder_version=&#8221;4.23.1&#8243; _module_preset=&#8221;default&#8221; background_color=&#8221;#6475a3&#8243; use_background_color_gradient=&#8221;on&#8221; background_color_gradient_stops=&#8221;#6475a3 0%|rgba(8,11,19,0.5) 100%&#8221; background_color_gradient_overlays_image=&#8221;on&#8221; background_color_gradient_start=&#8221;#080b13&#8243; background_color_gradient_end=&#8221;rgba(8,11,19,0.5)&#8221; background_image=&#8221;https:\/\/tessie.space\/wp-content\/uploads\/2023\/11\/tarot-56.jpg&#8221; background_position=&#8221;bottom_center&#8221; custom_padding=&#8221;6vw||6vw||true|false&#8221; locked=&#8221;off&#8221; global_colors_info=&#8221;{}&#8221;][et_pb_row column_structure=&#8221;1_3,1_3,1_3&#8243; use_custom_gutter=&#8221;on&#8221; gutter_width=&#8221;1&#8243; make_equal=&#8221;on&#8221; _builder_version=&#8221;4.23.1&#8243; _module_preset=&#8221;default&#8221; use_background_color_gradient=&#8221;on&#8221; background_color_gradient_stops=&#8221;#4f5486 0%|rgba(8,11,19,0) 100%&#8221; background_color_gradient_overlays_image=&#8221;on&#8221; background_color_gradient_start=&#8221;rgba(8,11,19,0.55)&#8221; background_color_gradient_end=&#8221;rgba(8,11,19,0)&#8221; background_enable_image=&#8221;off&#8221; min_height=&#8221;216.9px&#8221; custom_padding=&#8221;0px||0px||true|false&#8221; border_width_all=&#8221;1px&#8221; border_color_all=&#8221;rgba(255,255,255,0.08)&#8221; global_colors_info=&#8221;{}&#8221;][et_pb_column type=&#8221;1_3&#8243; _builder_version=&#8221;4.23.1&#8243; _module_preset=&#8221;default&#8221; custom_padding=&#8221;64px|20px|64px|20px|true|true&#8221; border_color_all=&#8221;rgba(255,255,255,0.08)&#8221; border_width_right=&#8221;1px&#8221; global_colors_info=&#8221;{}&#8221;][et_pb_blurb title=&#8221;Bio&#8221; _builder_version=&#8221;4.23.1&#8243; _module_preset=&#8221;default&#8221; header_font=&#8221;|800||on|||||&#8221; header_text_color=&#8221;#cfc6ff&#8221; header_font_size=&#8221;16px&#8221; header_letter_spacing=&#8221;4px&#8221; header_line_height=&#8221;1.3em&#8221; body_font=&#8221;||||||||&#8221; body_font_size=&#8221;15px&#8221; body_line_height=&#8221;1em&#8221; text_orientation=&#8221;center&#8221; background_layout=&#8221;dark&#8221; global_colors_info=&#8221;{}&#8221;]<\/p>\n<p>A veces, tarotista, astr\u00f3loga, consteladora y lectora de registros ak\u00e1shicos.\u00a0<!-- notionvc: 6a7a978f-77f4-4336-b42b-ac4fe02eb738 --><\/p>\n<p>Me gusta develar nuevos niveles de significaciones junto a mis consultantes en mis sesiones de la mano de lenguajes simb\u00f3licos.<!-- notionvc: 830f19dc-7235-44ad-9a05-ffe63fcbbb2d --><\/p>\n<p>[\/et_pb_blurb][\/et_pb_column][et_pb_column type=&#8221;1_3&#8243; _builder_version=&#8221;4.16&#8243; _module_preset=&#8221;default&#8221; custom_padding=&#8221;64px|20px|64px|20px|true|true&#8221; border_color_all=&#8221;rgba(255,255,255,0.08)&#8221; border_width_right=&#8221;1px&#8221; global_colors_info=&#8221;{}&#8221;][et_pb_blurb title=&#8221;Links \u00fatiles&#8221; _builder_version=&#8221;4.23.1&#8243; _module_preset=&#8221;default&#8221; header_font=&#8221;|800||on|||||&#8221; header_text_color=&#8221;#cfc6ff&#8221; header_font_size=&#8221;16px&#8221; header_letter_spacing=&#8221;4px&#8221; header_line_height=&#8221;1.4em&#8221; body_font=&#8221;||||||||&#8221; body_font_size=&#8221;15px&#8221; body_line_height=&#8221;1em&#8221; text_orientation=&#8221;center&#8221; background_layout=&#8221;dark&#8221; locked=&#8221;off&#8221; global_colors_info=&#8221;{}&#8221;]<\/p>\n<p style=\"text-align: center;\"><a href=\"https:\/\/tessie.space\/hola\"><span style=\"color: #ffffff;\" data-darkreader-inline-color=\"\">\u00a1Hola!<\/span><\/a><\/p>\n<p style=\"text-align: center;\"><span style=\"color: #ffffff;\" data-darkreader-inline-color=\"\"><a href=\"https:\/\/tessie.space\/servicios\" style=\"color: #ffffff;\" data-darkreader-inline-color=\"\">Servicios<\/a><\/span><\/p>\n<p style=\"text-align: center;\"><a href=\"https:\/\/tessie.space\/policies\"><span style=\"color: #ffffff;\" data-darkreader-inline-color=\"\">Pol\u00edticas de Reserva y Cancelaci\u00f3n<\/span><\/a><\/p>\n<p>[\/et_pb_blurb][\/et_pb_column][et_pb_column type=&#8221;1_3&#8243; _builder_version=&#8221;4.16&#8243; _module_preset=&#8221;default&#8221; custom_padding=&#8221;64px|20px|64px|20px|true|true&#8221; border_color_all=&#8221;rgba(255,255,255,0.08)&#8221; border_width_right=&#8221;1px&#8221; global_colors_info=&#8221;{}&#8221;][et_pb_blurb title=&#8221;Social Media&#8221; _builder_version=&#8221;4.23.1&#8243; _module_preset=&#8221;default&#8221; header_font=&#8221;|800||on|||||&#8221; header_text_color=&#8221;#cfc6ff&#8221; header_font_size=&#8221;15px&#8221; header_letter_spacing=&#8221;4px&#8221; header_line_height=&#8221;1.3em&#8221; body_font=&#8221;Yeseva One||||||||&#8221; body_text_color=&#8221;#d7e1f3&#8243; body_font_size=&#8221;20px&#8221; text_orientation=&#8221;center&#8221; locked=&#8221;off&#8221; global_colors_info=&#8221;{}&#8221;][\/et_pb_blurb][et_pb_social_media_follow _builder_version=&#8221;4.23.1&#8243; _module_preset=&#8221;default&#8221; text_orientation=&#8221;center&#8221; custom_margin_last_edited=&#8221;off|desktop&#8221; global_colors_info=&#8221;{}&#8221;][et_pb_social_media_follow_network social_network=&#8221;instagram&#8221; url=&#8221;https:\/\/www.instagram.com\/tetee.santos\/&#8221; _builder_version=&#8221;4.23&#8243; _module_preset=&#8221;default&#8221; background_enable_color=&#8221;off&#8221; global_colors_info=&#8221;{}&#8221; follow_button=&#8221;off&#8221; url_new_window=&#8221;on&#8221;]instagram[\/et_pb_social_media_follow_network][et_pb_social_media_follow_network social_network=&#8221;whatsapp&#8221; _builder_version=&#8221;4.23&#8243; _module_preset=&#8221;default&#8221; background_color=&#8221;#25D366&#8243; background_enable_color=&#8221;off&#8221; global_colors_info=&#8221;{}&#8221; follow_button=&#8221;off&#8221; url_new_window=&#8221;on&#8221;]whatsapp[\/et_pb_social_media_follow_network][\/et_pb_social_media_follow][\/et_pb_column][\/et_pb_row][\/et_pb_section]<\/p>\n","protected":false},"excerpt":{"rendered":"<p>Sesiones esot\u00e9ricas Sesiones Combinadasdescubriendo SESIONES COMBINADAS\u00a0Un espacio de transformaci\u00f3n integrando diferentes disciplinas.\u00a0 Las sesiones combinadas est\u00e1n pensadas para quienes desean ir m\u00e1s all\u00e1 de una consulta simple. Buscan conjugar diferentes lenguajes para embarcarse en un camino de transformaci\u00f3n personal y espiritual profunda. En una \u00fanica sesi\u00f3n, utilizamos las herramientas que m\u00e1s resuenen con tus necesidades [&hellip;]<\/p>\n","protected":false},"author":2,"featured_media":0,"parent":0,"menu_order":0,"comment_status":"closed","ping_status":"closed","template":"","meta":{"nf_dc_page":"","_et_pb_use_builder":"on","_et_pb_old_content":"<!-- wp:divi\/placeholder \/-->","_et_gb_content_width":"","footnotes":""},"class_list":["post-117","page","type-page","status-publish","hentry"],"_links":{"self":[{"href":"https:\/\/tessie.space\/en\/wp-json\/wp\/v2\/pages\/117","targetHints":{"allow":["GET"]}}],"collection":[{"href":"https:\/\/tessie.space\/en\/wp-json\/wp\/v2\/pages"}],"about":[{"href":"https:\/\/tessie.space\/en\/wp-json\/wp\/v2\/types\/page"}],"author":[{"embeddable":true,"href":"https:\/\/tessie.space\/en\/wp-json\/wp\/v2\/users\/2"}],"replies":[{"embeddable":true,"href":"https:\/\/tessie.space\/en\/wp-json\/wp\/v2\/comments?post=117"}],"version-history":[{"count":14,"href":"https:\/\/tessie.space\/en\/wp-json\/wp\/v2\/pages\/117\/revisions"}],"predecessor-version":[{"id":567,"href":"https:\/\/tessie.space\/en\/wp-json\/wp\/v2\/pages\/117\/revisions\/567"}],"wp:attachment":[{"href":"https:\/\/tessie.space\/en\/wp-json\/wp\/v2\/media?parent=117"}],"curies":[{"name":"wp","href":"https:\/\/api.w.org\/{rel}","templated":true}]}}